{"id":4,"date":"2019-06-20T16:29:20","date_gmt":"2019-06-20T16:29:20","guid":{"rendered":"http:\/\/verkehrspsychologie-niehues.de\/?p=4"},"modified":"2023-02-14T12:44:19","modified_gmt":"2023-02-14T12:44:19","slug":"home","status":"publish","type":"page","link":"https:\/\/verkehrspsychologie-niehues.de\/","title":{"rendered":"Home"},"content":{"rendered":"<h2>Verkehrspsychologie Niehues<\/h2>\n<div>Als staatlich anerkannter Verkehrspsychologe mit 40j\u00e4hriger Berufserfahrung biete ich in Einzel- oder Gruppengespr\u00e4chen in K\u00f6ln und Geldern folgende Leistungen an:<\/div>\n<ul>\n<li>\n<div>Fahreignungsseminare und verkehrspsychologische Beratungen zum Punkteabbau in Flensburg und in der Probezeit (Reg.Nr.: 902055)<\/div>\n<\/li>\n<li>\n<div>Verkehrspsychologische Therapien und Beratungen vor und nach der MPU, Sperrzeitverk\u00fcrzungen<\/div>\n<\/li>\n<li>\n<div>Kurse und besondere Aufbauseminare zur Wiederherstellung der Fahrereignung<\/div>\n<\/li>\n<\/ul>\n<h2>Verkehrspsychologie Niehues<\/h2>\n<div>Als staatlich anerkannter Verkehrspsychologe mit 40j\u00e4hriger Berufserfahrung biete ich in Einzel- oder Gruppengespr\u00e4chen in K\u00f6ln und Geldern folgende Leistungen an:<\/div>\n<ul>\n<li>\n<div>Fahreignungsseminare und verkehrspsychologische Beratungen zum Punkteabbau in Flensburg und in der Probezeit (Reg.Nr.: 902055)<\/div>\n<\/li>\n<li>\n<div>Verkehrspsychologische Therapien und Beratungen vor und nach der MPU, Sperrzeitverk\u00fcrzungen<\/div>\n<\/li>\n<li>\n<div>Kurse und besondere Aufbauseminare zur Wiederherstellung der Fahrereignung<\/div>\n<\/li>\n<\/ul>\n<div>\n<h3>Praxis<\/h3>\n<div>\n<p>Dipl.-Psych. Christof Niehues <br \/>Hansaring 88, 50670 K\u00f6ln und <br \/>Lupoldstr. 14, 47608 Geldern<\/p>\n<p>Fon: 0221 \/ 12 24 17 oder 02831\/5900 <br \/>Fax: 032122 \/ 12 24 17 <br \/>email: info@verkehrspsychologie-niehues.de<\/p>\n<\/div>\n<\/div>\n<div>\n<h3>Zu meiner Person:<\/h3>\n<div>\n<p>Jahrgang 1950<\/p>\n<p>Diplom-Psychologe<\/p>\n<p>Individualpsychologische Psychotherapieausbildung (Alfred Adler Institut, Aachen)<\/p>\n<p>Forschung und Lehre an der Universit\u00e4t K\u00f6ln (6 Jahre), Fachhochschule K\u00f6ln (7 Jahre), <br \/>Sporthochschule K\u00f6ln (10 Jahre) und als selbstst\u00e4ndiger Wissenschaftler und Dozent<\/p>\n<p>Seit 40 Jahren als Verkehrspsychologe t\u00e4tig mit folgenden Qualifikationen:<\/p>\n<ul>\n<li><span>Fachpsychologe f\u00fcr Verkehrspsychologie, BDP<\/span><\/li>\n<li><span>Anerkannter verkehrspsychologischer Berater, auch f\u00fcr Fahreignungsseminare <\/span><\/li>\n<li><span>Amtlich akkreditierter Kursmoderator (\u00a7 70, \u00a7 36, \u00a743, MPU-Vorbereitung, Sperrzeitverk\u00fcrzung;<br \/>Themenschwerpunkte: Alkohol, BTM, allgemeine Verkehrs-\/Delikte)<\/span><\/li>\n<li><span>Grundlage meiner Arbeit sind evaluierte, akkreditierte Behandlungskonzepte und ein System der Qualit\u00e4tssicherung<br \/>(Programmentwicklung, Aus-\/Fortbildung, Supervision, Organisation und Verwaltung).<\/span><\/li>\n<\/ul>\n<\/div>\n<\/div>\n<p><!--more--><br \/>\n<!-- {\"name\":\"Home\",\"type\":\"layout\",\"children\":[{\"name\":\"About us\",\"type\":\"section\",\"props\":{\"animation\":\"slide-right-medium\",\"class\":\"uk-hidden@m\",\"header_transparent\":\"dark\",\"header_transparent_noplaceholder\":true,\"image\":\"wp-content\\\/uploads\\\/2023\\\/02\\\/ampel.jpg\",\"image_parallax_bgx\":\"390 100%\",\"image_position\":\"center-left\",\"image_size\":\"cover\",\"media_overlay\":\"rgba(255, 255, 255, 0.74)\",\"padding\":\"large\",\"style\":\"default\",\"title_breakpoint\":\"xl\",\"title_position\":\"top-left\",\"title_rotation\":\"left\",\"vertical_align\":\"middle\",\"width\":\"default\"},\"children\":[{\"name\":\"\",\"type\":\"row\",\"props\":{\"column_gap\":\"large\",\"layout\":\"1-3,2-3\",\"row_gap\":\"large\"},\"children\":[{\"name\":\"\",\"type\":\"column\",\"props\":{\"image_position\":\"center-center\",\"media_overlay_gradient\":\"\",\"position_sticky_breakpoint\":\"m\",\"width_medium\":\"1-3\"},\"children\":[]},{\"name\":\"\",\"type\":\"column\",\"props\":{\"image_position\":\"center-center\",\"media_overlay_gradient\":\"\",\"position_sticky_breakpoint\":\"m\",\"vertical_align\":\"middle\",\"width_medium\":\"2-3\"},\"children\":[{\"name\":\"\",\"type\":\"headline\",\"props\":{\"block_align\":\"center\",\"content\":\"Verkehrspsychologie Niehues\",\"margin\":\"medium\",\"margin_remove_top\":true,\"text_align\":\"center\",\"title_decoration\":\"bullet\",\"title_element\":\"h2\",\"title_style\":\"heading-small\"}},{\"name\":\"\",\"type\":\"text\",\"props\":{\"block_align\":\"center\",\"column_breakpoint\":\"m\",\"content\":\"Als staatlich anerkannter Verkehrspsychologe mit 40j\\u00e4hriger Berufserfahrung biete ich in Einzel- oder Gruppengespr\\u00e4chen in K\\u00f6ln und Geldern folgende Leistungen an:\",\"margin\":\"default\",\"maxwidth\":\"xlarge\",\"text_align\":\"center\"}},{\"name\":\"\",\"type\":\"grid\",\"props\":{\"content_column_breakpoint\":\"m\",\"css\":\".el-element{\\n    font-size:15px;\\n}\\n    \",\"filter_align\":\"left\",\"filter_all\":true,\"filter_grid_breakpoint\":\"m\",\"filter_grid_width\":\"auto\",\"filter_position\":\"top\",\"filter_style\":\"tab\",\"grid_column_gap\":\"small\",\"grid_default\":\"1\",\"grid_divider\":true,\"grid_medium\":\"\",\"grid_small\":\"3\",\"icon_ratio\":4,\"icon_width\":80,\"image_align\":\"top\",\"image_grid_breakpoint\":\"m\",\"image_grid_width\":\"1-2\",\"image_svg_color\":\"emphasis\",\"item_animation\":true,\"link_style\":\"default\",\"link_text\":\"Read more\",\"margin\":\"large\",\"meta_align\":\"above-title\",\"meta_element\":\"div\",\"meta_style\":\"heading-small\",\"panel_padding\":\"small\",\"panel_style\":\"card-default\",\"parallax_easing\":\"1\",\"show_content\":true,\"show_image\":true,\"show_link\":true,\"show_meta\":true,\"show_title\":true,\"text_align\":\"center\",\"title_align\":\"top\",\"title_color\":\"primary\",\"title_element\":\"h3\",\"title_grid_breakpoint\":\"m\",\"title_grid_width\":\"1-2\",\"title_hover_style\":\"reset\",\"title_margin\":\"small\",\"title_style\":\"h6\"},\"children\":[{\"name\":\"\",\"type\":\"grid_item\",\"props\":{\"content\":\"Fahreignungsseminare und verkehrspsychologische Beratungen zum Punkteabbau in Flensburg und in der Probezeit (Reg.Nr.: 902055)\",\"meta\":\"\",\"title\":\"\"}},{\"name\":\"\",\"type\":\"grid_item\",\"props\":{\"content\":\"Verkehrspsychologische Therapien und Beratungen vor und nach der MPU, Sperrzeitverk\\u00fcrzungen\",\"meta\":\"\",\"title\":\"\"}},{\"name\":\"\",\"type\":\"grid_item\",\"props\":{\"content\":\"Kurse und besondere Aufbauseminare zur Wiederherstellung der Fahrereignung\",\"meta\":\"\",\"title\":\"\"}}]}]}]}]},{\"name\":\"About us\",\"type\":\"section\",\"props\":{\"animation\":\"slide-right-medium\",\"class\":\"uk-visible@m\",\"header_transparent\":\"dark\",\"header_transparent_noplaceholder\":true,\"image\":\"wp-content\\\/uploads\\\/2023\\\/02\\\/ampel.jpg\",\"image_parallax_bgx\":\"390 100%\",\"image_position\":\"center-left\",\"image_size\":\"cover\",\"media_visibility\":\"m\",\"padding\":\"large\",\"style\":\"default\",\"title_breakpoint\":\"xl\",\"title_position\":\"top-left\",\"title_rotation\":\"left\",\"vertical_align\":\"middle\",\"width\":\"default\"},\"children\":[{\"name\":\"\",\"type\":\"row\",\"props\":{\"column_gap\":\"large\",\"layout\":\"1-3,2-3\",\"row_gap\":\"large\"},\"children\":[{\"name\":\"\",\"type\":\"column\",\"props\":{\"image_position\":\"center-center\",\"media_overlay_gradient\":\"\",\"position_sticky_breakpoint\":\"m\",\"width_medium\":\"1-3\"},\"children\":[]},{\"name\":\"\",\"type\":\"column\",\"props\":{\"image_position\":\"center-center\",\"media_overlay_gradient\":\"\",\"position_sticky_breakpoint\":\"m\",\"vertical_align\":\"middle\",\"width_medium\":\"2-3\"},\"children\":[{\"name\":\"\",\"type\":\"headline\",\"props\":{\"block_align\":\"center\",\"content\":\"Verkehrspsychologie Niehues\",\"margin\":\"medium\",\"margin_remove_top\":true,\"text_align\":\"center\",\"title_decoration\":\"bullet\",\"title_element\":\"h2\",\"title_style\":\"heading-small\"}},{\"name\":\"\",\"type\":\"text\",\"props\":{\"block_align\":\"center\",\"column_breakpoint\":\"m\",\"content\":\"Als staatlich anerkannter Verkehrspsychologe mit 40j\\u00e4hriger Berufserfahrung biete ich in Einzel- oder Gruppengespr\\u00e4chen in K\\u00f6ln und Geldern folgende Leistungen an:\",\"margin\":\"default\",\"maxwidth\":\"xlarge\",\"text_align\":\"center\"}},{\"name\":\"\",\"type\":\"grid\",\"props\":{\"content_column_breakpoint\":\"m\",\"css\":\".el-element{\\n    font-size:15px;\\n}\\n    \",\"filter_align\":\"left\",\"filter_all\":true,\"filter_grid_breakpoint\":\"m\",\"filter_grid_width\":\"auto\",\"filter_position\":\"top\",\"filter_style\":\"tab\",\"grid_column_gap\":\"small\",\"grid_default\":\"1\",\"grid_divider\":true,\"grid_medium\":\"\",\"grid_small\":\"3\",\"icon_ratio\":4,\"icon_width\":80,\"image_align\":\"top\",\"image_grid_breakpoint\":\"m\",\"image_grid_width\":\"1-2\",\"image_svg_color\":\"emphasis\",\"item_animation\":true,\"link_style\":\"default\",\"link_text\":\"Read more\",\"margin\":\"large\",\"meta_align\":\"above-title\",\"meta_element\":\"div\",\"meta_style\":\"heading-small\",\"panel_padding\":\"small\",\"panel_style\":\"card-default\",\"parallax_easing\":\"1\",\"show_content\":true,\"show_image\":true,\"show_link\":true,\"show_meta\":true,\"show_title\":true,\"text_align\":\"center\",\"title_align\":\"top\",\"title_color\":\"primary\",\"title_element\":\"h3\",\"title_grid_breakpoint\":\"m\",\"title_grid_width\":\"1-2\",\"title_hover_style\":\"reset\",\"title_margin\":\"small\",\"title_style\":\"h6\"},\"children\":[{\"name\":\"\",\"type\":\"grid_item\",\"props\":{\"content\":\"Fahreignungsseminare und verkehrspsychologische Beratungen zum Punkteabbau in Flensburg und in der Probezeit (Reg.Nr.: 902055)\",\"meta\":\"\",\"title\":\"\"}},{\"name\":\"\",\"type\":\"grid_item\",\"props\":{\"content\":\"Verkehrspsychologische Therapien und Beratungen vor und nach der MPU, Sperrzeitverk\\u00fcrzungen\",\"meta\":\"\",\"title\":\"\"}},{\"name\":\"\",\"type\":\"grid_item\",\"props\":{\"content\":\"Kurse und besondere Aufbauseminare zur Wiederherstellung der Fahrereignung\",\"meta\":\"\",\"title\":\"\"}}]}]}]}]},{\"type\":\"section\",\"props\":{\"css\":\".el-section{\\n    border-top:5px solid #f2f6dd;\\n}\",\"image_position\":\"center-center\",\"style\":\"muted\",\"title_breakpoint\":\"xl\",\"title_position\":\"top-left\",\"title_rotation\":\"left\",\"vertical_align\":\"middle\",\"width\":\"default\"},\"children\":[{\"name\":\"\",\"type\":\"row\",\"props\":{\"column_gap\":\"large\",\"layout\":\"1-3,2-3\",\"row_gap\":\"large\"},\"children\":[{\"name\":\"\",\"type\":\"column\",\"props\":{\"image_position\":\"center-center\",\"media_overlay_gradient\":\"\",\"position_sticky_breakpoint\":\"m\",\"width_medium\":\"1-3\"},\"children\":[{\"type\":\"panel\",\"props\":{\"content\":\"\n\n<p>Dipl.-Psych. Christof Niehues <br \\\/>Hansaring 88, 50670 K\\u00f6ln und <br \\\/>Lupoldstr. 14, 47608 Geldern<\\\/p>\\n\n\n<p>Fon: 0221 \\\/ 12 24 17 oder 02831\\\/5900 <br \\\/>Fax: 032122 \\\/ 12 24 17 <br \\\/>email: info@verkehrspsychologie-niehues.de<\\\/p>\",\"content_column_breakpoint\":\"m\",\"icon_width\":80,\"image_align\":\"top\",\"image_grid_breakpoint\":\"m\",\"image_grid_width\":\"1-2\",\"image_svg_color\":\"emphasis\",\"link_style\":\"default\",\"link_text\":\"Read more\",\"margin\":\"default\",\"meta_align\":\"below-title\",\"meta_element\":\"div\",\"meta_style\":\"text-meta\",\"panel_padding\":\"small\",\"panel_style\":\"card-default\",\"title\":\"Praxis\",\"title_align\":\"top\",\"title_element\":\"h3\",\"title_grid_breakpoint\":\"m\",\"title_grid_width\":\"1-2\",\"title_hover_style\":\"reset\",\"title_style\":\"h1\"}}]},{\"name\":\"\",\"type\":\"column\",\"props\":{\"image_position\":\"center-center\",\"media_overlay_gradient\":\"\",\"position_sticky_breakpoint\":\"m\",\"vertical_align\":\"middle\",\"width_medium\":\"2-3\"},\"children\":[{\"type\":\"panel\",\"props\":{\"content\":\"\n\n<p>Jahrgang 1950<\\\/p>\\n\n\n<p>Diplom-Psychologe<\\\/p>\\n\n\n<p>Individualpsychologische Psychotherapieausbildung (Alfred Adler Institut, Aachen)<\\\/p>\\n\n\n<p>Forschung und Lehre an der Universit\\u00e4t K\\u00f6ln (6 Jahre), Fachhochschule K\\u00f6ln (7 Jahre), <br \\\/>Sporthochschule K\\u00f6ln (10 Jahre) und als selbstst\\u00e4ndiger Wissenschaftler und Dozent<\\\/p>\\n\n\n<p>Seit 40 Jahren als Verkehrspsychologe t\\u00e4tig mit folgenden Qualifikationen:<\\\/p>\\n\n\n<ul>\\n\n\n<li><span>Fachpsychologe f\\u00fcr Verkehrspsychologie, BDP<\\\/span><\\\/li>\\n\n\n<li><span>Anerkannter verkehrspsychologischer Berater, auch f\\u00fcr Fahreignungsseminare <\\\/span><\\\/li>\\n\n\n<li><span>Amtlich akkreditierter Kursmoderator (\\u00a7 70, \\u00a7 36, \\u00a743, MPU-Vorbereitung, Sperrzeitverk\\u00fcrzung;<br \\\/>Themenschwerpunkte: Alkohol, BTM, allgemeine Verkehrs-\\\/Delikte)<\\\/span><\\\/li>\\n\n\n<li><span>Grundlage meiner Arbeit sind evaluierte, akkreditierte Behandlungskonzepte und ein System der Qualit\\u00e4tssicherung<br \\\/>(Programmentwicklung, Aus-\\\/Fortbildung, Supervision, Organisation und Verwaltung).<\\\/span><\\\/li>\\n<\\\/ul>\",\"content_column_breakpoint\":\"m\",\"icon_width\":80,\"image_align\":\"top\",\"image_grid_breakpoint\":\"m\",\"image_grid_width\":\"1-2\",\"image_svg_color\":\"emphasis\",\"link_style\":\"default\",\"link_text\":\"Read more\",\"margin\":\"default\",\"meta_align\":\"below-title\",\"meta_element\":\"div\",\"meta_style\":\"text-meta\",\"title\":\"Zu meiner Person:\",\"title_align\":\"top\",\"title_element\":\"h3\",\"title_grid_breakpoint\":\"m\",\"title_grid_width\":\"1-2\",\"title_hover_style\":\"reset\",\"title_style\":\"h1\"}}]}]}]}],\"version\":\"3.0.21\"} --><\/p>\n","protected":false},"excerpt":{"rendered":"<p>Verkehrspsychologie Niehues Als staatlich anerkannter Verkehrspsychologe mit 40j\u00e4hriger Berufserfahrung biete ich in Einzel- oder Gruppengespr\u00e4chen in K\u00f6ln und Geldern folgende Leistungen an: Fahreignungsseminare und verkehrspsychologische Beratungen zum Punkteabbau in Flensburg und in der Probezeit (Reg.Nr.: 902055) Verkehrspsychologische Therapien und Beratungen vor und nach der MPU, Sperrzeitverk\u00fcrzungen Kurse und besondere Aufbauseminare zur Wiederherstellung der Fahrereignung Verkehrspsychologie [&hellip;]<\/p>\n","protected":false},"author":1,"featured_media":0,"parent":0,"menu_order":3,"comment_status":"open","ping_status":"open","template":"","meta":{"footnotes":""},"class_list":["post-4","page","type-page","status-publish","hentry"],"acf":[],"_links":{"self":[{"href":"https:\/\/verkehrspsychologie-niehues.de\/index.php?rest_route=\/wp\/v2\/pages\/4","targetHints":{"allow":["GET"]}}],"collection":[{"href":"https:\/\/verkehrspsychologie-niehues.de\/index.php?rest_route=\/wp\/v2\/pages"}],"about":[{"href":"https:\/\/verkehrspsychologie-niehues.de\/index.php?rest_route=\/wp\/v2\/types\/page"}],"author":[{"embeddable":true,"href":"https:\/\/verkehrspsychologie-niehues.de\/index.php?rest_route=\/wp\/v2\/users\/1"}],"replies":[{"embeddable":true,"href":"https:\/\/verkehrspsychologie-niehues.de\/index.php?rest_route=%2Fwp%2Fv2%2Fcomments&post=4"}],"version-history":[{"count":10,"href":"https:\/\/verkehrspsychologie-niehues.de\/index.php?rest_route=\/wp\/v2\/pages\/4\/revisions"}],"predecessor-version":[{"id":1131,"href":"https:\/\/verkehrspsychologie-niehues.de\/index.php?rest_route=\/wp\/v2\/pages\/4\/revisions\/1131"}],"wp:attachment":[{"href":"https:\/\/verkehrspsychologie-niehues.de\/index.php?rest_route=%2Fwp%2Fv2%2Fmedia&parent=4"}],"curies":[{"name":"wp","href":"https:\/\/api.w.org\/{rel}","templated":true}]}}