{"id":1114,"date":"2023-02-14T12:27:46","date_gmt":"2023-02-14T12:27:46","guid":{"rendered":"http:\/\/verkehrspsychologie-niehues.de\/?page_id=1114"},"modified":"2023-02-14T12:29:31","modified_gmt":"2023-02-14T12:29:31","slug":"impressum","status":"publish","type":"page","link":"https:\/\/verkehrspsychologie-niehues.de\/?page_id=1114","title":{"rendered":"Impressum"},"content":{"rendered":"<h1>Impressum<\/h1>\n<div>\n<table width=\"100%\">\n<tbody>\n<tr>\n<td width=\"100%\"><strong>Dipl.-Psych. Christof Niehues<\/strong><\/td>\n<\/tr>\n<tr>\n<td width=\"100%\">Hansaring 88, 50670 K\u00f6ln<\/td>\n<\/tr>\n<tr>\n<td width=\"100%\"><strong>Fon:<\/strong> 0221 \/ 12 24 17\u00a0\u00a0\u00a0\u00a0\u00a0\u00a0\u00a0\u00a0\u00a0\u00a0\u00a0\u00a0\u00a0\u00a0\u00a0\u00a0\u00a0\u00a0\u00a0\u00a0\u00a0\u00a0\u00a0\u00a0\u00a0\u00a0<\/td>\n<\/tr>\n<tr>\n<td width=\"100%\"><strong>Fax:<\/strong> 032122 \/ 12 24 17<\/p>\n<p>email: niehuesberger@web.de<\/p>\n<\/td>\n<\/tr>\n<tr>\n<td width=\"100%\">\u00a0USt: 215\/5122\/0287<\/p>\n<\/td>\n<\/tr>\n<tr>\n<td width=\"100%\">\n<table width=\"967\">\n<tbody>\n<tr>\n<td><strong> Haftungsausschluss<\/strong><\/p>\n<p>Mit Urteil vom 12. Mai 1998 hat das Landgericht Hamburg entschieden, da\u00df man durch die Ausbringung eines Links die Inhalte der gelinkten Seite ggf. mit zu verantworten hat. Dies kann &#8211; so das LG &#8211; nur dadurch verhindert werden, da\u00df man sich ausdr\u00fccklich von diesen Inhalten distanziert.<\/p>\n<p>Wir m\u00f6chten betonen, dass wir keinerlei Einfluss auf die Gestaltung und die Inhalte der verlinkten Seiten haben. Deshalb distanzieren wir uns hiermit ausdr\u00fccklich von allen Inhalten aller verlinkten Seiten auf unseren Internetseiten und machen uns ihre Inhalte nicht zu Eigen. Diese Erkl\u00e4rung gilt f\u00fcr alle auf unseren Internetseiten ver\u00f6ffentlichen Links und f\u00fcr alle Inhalte dieser Seiten.<\/p>\n<\/td>\n<\/tr>\n<\/tbody>\n<\/table>\n<\/td>\n<\/tr>\n<\/tbody>\n<\/table>\n<\/div>\n<p>\n    <a href=\"http:\/\/verkehrspsychologie-niehues.de\/\">Zur\u00fcck<\/a>\n<\/p>\n<p><!--more--><br \/>\n<!-- {\"type\":\"layout\",\"children\":[{\"type\":\"section\",\"props\":{\"image_position\":\"center-center\",\"style\":\"default\",\"title_breakpoint\":\"xl\",\"title_position\":\"top-left\",\"title_rotation\":\"left\",\"vertical_align\":\"middle\",\"width\":\"small\"},\"children\":[{\"type\":\"row\",\"children\":[{\"type\":\"column\",\"props\":{\"image_position\":\"center-center\",\"media_overlay_gradient\":\"\",\"position_sticky_breakpoint\":\"m\"},\"children\":[{\"type\":\"headline\",\"props\":{\"content\":\"Impressum\",\"title_element\":\"h1\"}},{\"type\":\"text\",\"props\":{\"column_breakpoint\":\"m\",\"content\":\"\n\n<table width=\\\"100%\\\">\\n\n\n<tbody>\\n\n\n<tr>\\n\n\n<td width=\\\"100%\\\"><strong>Dipl.-Psych. Christof Niehues<\\\/strong><\\\/td>\\n<\\\/tr>\\n\n\n<tr>\\n\n\n<td width=\\\"100%\\\">Hansaring 88, 50670 K\\u00f6ln<\\\/td>\\n<\\\/tr>\\n\n\n<tr>\\n\n\n<td width=\\\"100%\\\"><strong>Fon:<\\\/strong> 0221 \\\/ 12 24 17\\u00a0\\u00a0\\u00a0\\u00a0\\u00a0\\u00a0\\u00a0\\u00a0\\u00a0\\u00a0\\u00a0\\u00a0\\u00a0\\u00a0\\u00a0\\u00a0\\u00a0\\u00a0\\u00a0\\u00a0\\u00a0\\u00a0\\u00a0\\u00a0\\u00a0\\u00a0<\\\/td>\\n<\\\/tr>\\n\n\n<tr>\\n\n\n<td width=\\\"100%\\\"><strong>Fax:<\\\/strong> 032122 \\\/ 12 24 17\\n\n\n<p>email: niehuesberger@web.de<\\\/p>\\n<\\\/td>\\n<\\\/tr>\\n\n\n<tr>\\n\n\n<td width=\\\"100%\\\">\\u00a0USt: 215\\\/5122\\\/0287\\n\n\n<p><\\\/p>\\n<\\\/td>\\n<\\\/tr>\\n\n\n<tr>\\n\n\n<td width=\\\"100%\\\">\\n\n\n<table width=\\\"967\\\">\\n\n\n<tbody>\\n\n\n<tr>\\n\n\n<td><strong> Haftungsausschluss<\\\/strong>\\n\n\n<p>Mit Urteil vom 12. Mai 1998 hat das Landgericht Hamburg entschieden, da\\u00df man durch die Ausbringung eines Links die Inhalte der gelinkten Seite ggf. mit zu verantworten hat. Dies kann - so das LG - nur dadurch verhindert werden, da\\u00df man sich ausdr\\u00fccklich von diesen Inhalten distanziert.<\\\/p>\\n\n\n<p>Wir m\\u00f6chten betonen, dass wir keinerlei Einfluss auf die Gestaltung und die Inhalte der verlinkten Seiten haben. Deshalb distanzieren wir uns hiermit ausdr\\u00fccklich von allen Inhalten aller verlinkten Seiten auf unseren Internetseiten und machen uns ihre Inhalte nicht zu Eigen. Diese Erkl\\u00e4rung gilt f\\u00fcr alle auf unseren Internetseiten ver\\u00f6ffentlichen Links und f\\u00fcr alle Inhalte dieser Seiten.<\\\/p>\\n<\\\/td>\\n<\\\/tr>\\n<\\\/tbody>\\n<\\\/table>\\n<\\\/td>\\n<\\\/tr>\\n<\\\/tbody>\\n<\\\/table>\",\"margin\":\"default\"}}]}]},{\"type\":\"row\",\"children\":[{\"type\":\"column\",\"props\":{\"image_position\":\"center-center\",\"media_overlay_gradient\":\"\",\"position_sticky_breakpoint\":\"m\"},\"children\":[{\"type\":\"button\",\"props\":{\"grid_column_gap\":\"small\",\"grid_row_gap\":\"small\",\"margin\":\"default\",\"text_align\":\"right\"},\"children\":[{\"type\":\"button_item\",\"props\":{\"button_style\":\"default\",\"content\":\"Zur\\u00fcck\",\"icon_align\":\"left\",\"link\":\"http:\\\/\\\/verkehrspsychologie-niehues.de\\\/\"}}]}]}]}]}],\"version\":\"3.0.21\"} --><\/p>\n","protected":false},"excerpt":{"rendered":"<p>Impressum Dipl.-Psych. Christof Niehues Hansaring 88, 50670 K\u00f6ln Fon: 0221 \/ 12 24 17\u00a0\u00a0\u00a0\u00a0\u00a0\u00a0\u00a0\u00a0\u00a0\u00a0\u00a0\u00a0\u00a0\u00a0\u00a0\u00a0\u00a0\u00a0\u00a0\u00a0\u00a0\u00a0\u00a0\u00a0\u00a0\u00a0 Fax: 032122 \/ 12 24 17 email: niehuesberger@web.de \u00a0USt: 215\/5122\/0287 Haftungsausschluss Mit Urteil vom 12. Mai 1998 hat das Landgericht Hamburg entschieden, da\u00df man durch die Ausbringung eines Links die Inhalte der gelinkten Seite ggf. mit zu verantworten hat. Dies kann [&hellip;]<\/p>\n","protected":false},"author":1,"featured_media":0,"parent":0,"menu_order":0,"comment_status":"closed","ping_status":"closed","template":"","meta":{"footnotes":""},"class_list":["post-1114","page","type-page","status-publish","hentry"],"acf":[],"_links":{"self":[{"href":"https:\/\/verkehrspsychologie-niehues.de\/index.php?rest_route=\/wp\/v2\/pages\/1114","targetHints":{"allow":["GET"]}}],"collection":[{"href":"https:\/\/verkehrspsychologie-niehues.de\/index.php?rest_route=\/wp\/v2\/pages"}],"about":[{"href":"https:\/\/verkehrspsychologie-niehues.de\/index.php?rest_route=\/wp\/v2\/types\/page"}],"author":[{"embeddable":true,"href":"https:\/\/verkehrspsychologie-niehues.de\/index.php?rest_route=\/wp\/v2\/users\/1"}],"replies":[{"embeddable":true,"href":"https:\/\/verkehrspsychologie-niehues.de\/index.php?rest_route=%2Fwp%2Fv2%2Fcomments&post=1114"}],"version-history":[{"count":6,"href":"https:\/\/verkehrspsychologie-niehues.de\/index.php?rest_route=\/wp\/v2\/pages\/1114\/revisions"}],"predecessor-version":[{"id":1120,"href":"https:\/\/verkehrspsychologie-niehues.de\/index.php?rest_route=\/wp\/v2\/pages\/1114\/revisions\/1120"}],"wp:attachment":[{"href":"https:\/\/verkehrspsychologie-niehues.de\/index.php?rest_route=%2Fwp%2Fv2%2Fmedia&parent=1114"}],"curies":[{"name":"wp","href":"https:\/\/api.w.org\/{rel}","templated":true}]}}